{"id":136,"date":"2023-10-05T11:11:01","date_gmt":"2023-10-05T11:11:01","guid":{"rendered":"https:\/\/sessar.org\/?page_id=136"},"modified":"2025-01-25T10:52:46","modified_gmt":"2025-01-25T10:52:46","slug":"restaurant-vegetaria-i-vega","status":"publish","type":"page","link":"https:\/\/aguaribay-bcn.com\/ca\/","title":{"rendered":"Restaurant vegetari\u00e0 i veg\u00e0"},"content":{"rendered":"\n<h1>\n\t\tRestaurant vegetari\u00e0 i veg\u00e0 en Poblenou \/ Barcelona\n\t<\/h1>\n<h2>\n\t\tSopars de grup\n\t<\/h2>\n\tBusques un lloc per als teus sopars de grup, celebracions, reunions de feina o el sopar de Nadal? Hi som aqu\u00ed!!<br \/>\nUneix-te a nosaltres per tastar un \u00e0pat delici\u00f3s i saludable en un ambient acollidor i relaxat.<br \/>\n<strong>Truca&#8217;ns i t&#8217;informem!<\/strong>\n\t\t\t<a href=\"https:\/\/zms.ovh\/h-2ep\" target=\"_blank\" rel=\"noopener\">\n\t\t\t\t\t\t\tReserva taula\n\t\t\t\t\t<\/a>\n\t\t\t\t<img decoding=\"async\" src=\"http:\/\/aguaribay-bcn.com\/wp-content\/uploads\/2023\/10\/propuesta-gastronomica.jpeg\" alt=\"propuesta-gastronomica\" itemprop=\"image\" title=\"propuesta-gastronomica\" onerror=\"this.style.display='none'\"  \/>\n<h2>\n\t\tProposta gastron\u00f2mica\n\t<\/h2>\n\t<p>Sabem que escollir bons ingredients, petits productors i una manera conscient de transformar aquests productes en aliments, \u00e9s una cosa fonamental a les nostres vides.<\/p>\n<p>Els valors dintre del nostre restaurant vegetari\u00e0 i veg\u00e0 son el respecte per el medi ambient, les persones i els animals i sobre aquestes bases construim una cuina veritable, saborosa, tradicional i creativa amb la intenci\u00f3 d&#8217;alimentar i donar plaer al cos i l&#8217;\u00e0nima.<\/p>\n<p>I a trav\u00e9s de compartir la nostra passi\u00f3 i treball tenim la posibilitat d&#8217;aportar un gra de sorra per un futur m\u00e9s feli\u00e7.<\/p>\n<h2>\n\t\tCarta\n\t<\/h2>\n\t<p>A la nostra cuina fusionem diverses tradicions culin\u00e0ries vegetarianes i veganes, creatives i delicioses en varietat de sabors i textures. Sempre aportem notes gastron\u00f2miques als nostres plats.<\/p>\n<p>Fem servir productes naturals, de proximitat i ecol\u00f2gics. Elaborem totes les nostres postres, veganes, contempor\u00e0nies, cl\u00e0ssiques i sense gluten amb ingredients de qualitat.<\/p>\n<p>Tenim una amplia varietat de cerveses artesanes i locals. Vins ecol\u00f2gics, vegans i naturals. Vermut casol\u00e0. Sucs naturals de fruites acabats de fer. Refrescs alternatius. Kombutxa artesana i un bon caf\u00e8 itali\u00e0.<\/p>\n<p>Pots mirar la nostre carta de cap de setmana <a href=\"http:\/\/aguaribay-bcn.com\/wp-content\/uploads\/2025\/01\/Aguaribay_Menu_2023_Catala_01.pdf\" target=\"_blank\" rel=\"noopener\"><b>aqu\u00ed<\/b><\/a>. .<\/p>\n<h2>\n\t\tMen\u00fa\n\t<\/h2>\n\t<p>El nostre men\u00fa est\u00e0 inspirat en la cuina energ\u00e8tica.<\/p>\n<p>Fem servir gran varietat de cereals integrals i llegums ecol\u00f2giques, algues marines, fruits secs i llavors. Tempeh i seitan casol\u00e0, fermentats i germinats fets per nosaltres.<\/p>\n<p>Pots mirar el nostre men\u00fa del dia<a href=\"https:\/\/www.facebook.com\/AguaribayBarcelona\"> <b>aqu\u00ed<\/b><\/a>.<\/p>\n<h2>\n\t\tEquipo\n\t<\/h2>\n\t<p>La Francesca i la Valentina van obrir l&#8217;Aguaribay l&#8217;any 2010, i es va afegir a l&#8217;equip l&#8217;Augusto com a cap de cuina, tots amb gran experi\u00e8ncia en gastronomia i una profunda motivaci\u00f3 per les coses petites fetes amb amor i dedicaci\u00f3.<\/p>\n\t\t\t\t<img decoding=\"async\" src=\"http:\/\/aguaribay-bcn.com\/wp-content\/uploads\/2024\/02\/aguaribay-nosotras.jpg\" alt=\"aguaribay-nosotras\" itemprop=\"image\" title=\"aguaribay-nosotras\" onerror=\"this.style.display='none'\"  \/>\n\n","protected":false},"excerpt":{"rendered":"<p>Restaurant vegetari\u00e0 i veg\u00e0 en Poblenou \/ Barcelona Sopars de grup Busques un lloc per als teus sopars de grup, celebracions, reunions de feina o el sopar de Nadal? Hi som aqu\u00ed!! Uneix-te a nosaltres per tastar un \u00e0pat delici\u00f3s i saludable en un ambient acollidor i relaxat. Truca&#8217;ns i t&#8217;informem! Reserva taula Proposta gastron\u00f2mica [&hellip;]<\/p>\n","protected":false},"author":1,"featured_media":0,"parent":0,"menu_order":0,"comment_status":"closed","ping_status":"closed","template":"","meta":{"_seopress_robots_primary_cat":"","_seopress_titles_title":"Aguaribay - Restaurant vegetari\u00e0 i veg\u00e0 - Poblenou \/ Barcelona","_seopress_titles_desc":"Restaurant vegetari\u00e0 i veg\u00e0 en Poblenou Barcelona. Proposem una cuina veritable, saborosa, tradicional i creativa amb la intenci\u00f3 d&#039;alimentar i donar plaer al cos i l&#039;\u00e0nima. \r\n","_seopress_robots_index":"","site-sidebar-layout":"default","site-content-layout":"","ast-site-content-layout":"default","site-content-style":"default","site-sidebar-style":"default","ast-global-header-display":"","ast-banner-title-visibility":"","ast-main-header-display":"","ast-hfb-above-header-display":"","ast-hfb-below-header-display":"","ast-hfb-mobile-header-display":"","site-post-title":"","ast-breadcrumbs-content":"","ast-featured-img":"","footer-sml-layout":"","ast-disable-related-posts":"","theme-transparent-header-meta":"","adv-header-id-meta":"","stick-header-meta":"","header-above-stick-meta":"","header-main-stick-meta":"","header-below-stick-meta":"","astra-migrate-meta-layouts":"default","ast-page-background-enabled":"default","ast-page-background-meta":{"desktop":{"background-color":"var(--ast-global-color-4)","background-image":"","background-repeat":"repeat","background-position":"center center","background-size":"auto","background-attachment":"scroll","background-type":"","background-media":"","overlay-type":"","overlay-color":"","overlay-opacity":"","overlay-gradient":""},"tablet":{"background-color":"","background-image":"","background-repeat":"repeat","background-position":"center center","background-size":"auto","background-attachment":"scroll","background-type":"","background-media":"","overlay-type":"","overlay-color":"","overlay-opacity":"","overlay-gradient":""},"mobile":{"background-color":"","background-image":"","background-repeat":"repeat","background-position":"center center","background-size":"auto","background-attachment":"scroll","background-type":"","background-media":"","overlay-type":"","overlay-color":"","overlay-opacity":"","overlay-gradient":""}},"ast-content-background-meta":{"desktop":{"background-color":"var(--ast-global-color-5)","background-image":"","background-repeat":"repeat","background-position":"center center","background-size":"auto","background-attachment":"scroll","background-type":"","background-media":"","overlay-type":"","overlay-color":"","overlay-opacity":"","overlay-gradient":""},"tablet":{"background-color":"var(--ast-global-color-5)","background-image":"","background-repeat":"repeat","background-position":"center center","background-size":"auto","background-attachment":"scroll","background-type":"","background-media":"","overlay-type":"","overlay-color":"","overlay-opacity":"","overlay-gradient":""},"mobile":{"background-color":"var(--ast-global-color-5)","background-image":"","background-repeat":"repeat","background-position":"center center","background-size":"auto","background-attachment":"scroll","background-type":"","background-media":"","overlay-type":"","overlay-color":"","overlay-opacity":"","overlay-gradient":""}},"footnotes":""},"class_list":["post-136","page","type-page","status-publish","hentry"],"_links":{"self":[{"href":"https:\/\/aguaribay-bcn.com\/ca\/wp-json\/wp\/v2\/pages\/136","targetHints":{"allow":["GET"]}}],"collection":[{"href":"https:\/\/aguaribay-bcn.com\/ca\/wp-json\/wp\/v2\/pages"}],"about":[{"href":"https:\/\/aguaribay-bcn.com\/ca\/wp-json\/wp\/v2\/types\/page"}],"author":[{"embeddable":true,"href":"https:\/\/aguaribay-bcn.com\/ca\/wp-json\/wp\/v2\/users\/1"}],"replies":[{"embeddable":true,"href":"https:\/\/aguaribay-bcn.com\/ca\/wp-json\/wp\/v2\/comments?post=136"}],"version-history":[{"count":10,"href":"https:\/\/aguaribay-bcn.com\/ca\/wp-json\/wp\/v2\/pages\/136\/revisions"}],"predecessor-version":[{"id":291,"href":"https:\/\/aguaribay-bcn.com\/ca\/wp-json\/wp\/v2\/pages\/136\/revisions\/291"}],"wp:attachment":[{"href":"https:\/\/aguaribay-bcn.com\/ca\/wp-json\/wp\/v2\/media?parent=136"}],"curies":[{"name":"wp","href":"https:\/\/api.w.org\/{rel}","templated":true}]}}