{"id":180,"date":"2023-10-10T10:35:16","date_gmt":"2023-10-10T10:35:16","guid":{"rendered":"https:\/\/sessar.org\/?page_id=180"},"modified":"2023-10-10T13:00:12","modified_gmt":"2023-10-10T13:00:12","slug":"politica-de-privadesa","status":"publish","type":"page","link":"https:\/\/aguaribay-bcn.com\/ca\/politica-de-privadesa\/","title":{"rendered":"Pol\u00edtica de privadesa"},"content":{"rendered":"\n\n\t<h1>Pol\u00edtica de privadesa<\/h1>\n<ol>\n<li aria-level=\"1\"><b>Pre\u00e0mbul<\/b><\/li>\n<\/ol>\n<p>Reglament (UE) n\u00fam. 2016\/679 del Parlament Europeu i del Consell, de 27 d&#8217;abril de 2016, relatiu a la protecci\u00f3 de les persones f\u00edsiques pel que fa al tractament de dades personals i a la lliure circulaci\u00f3 d&#8217;aquestes dades (d&#8217;ara endavant, el &#8221; RGPD&#8221;) estableix el marc legal aplicable al tractament de les dades personals.<\/p>\n<p>L&#8217;acc\u00e9s i navegaci\u00f3 pel Lloc Web, el domini del qual \u00e9s http:\/\/aguaribay-bcn.com\/ (en endavant, el &#8220;Lloc Web&#8221;), o la utilitzaci\u00f3 dels seus serveis, impliquen un tractament de dades de car\u00e0cter personal de persones f\u00edsiques per part de l&#8217;empresa Llavor. SCP (d&#8217;ara endavant, &#8220;Llavor SCP&#8221;) d&#8217;acord amb el RGPD.<\/p>\n<p>Aquestes persones f\u00edsiques seran denominades d&#8217;ara endavant &#8220;Usuaris&#8221;.<\/p>\n<ol>\n<li aria-level=\"1\"><b>Objecte<\/b><\/li>\n<\/ol>\n<p>Aquesta pol\u00edtica de privacitat proporciona informaci\u00f3 sobre el tractament de les dades personals dels Usuaris del Lloc Web, seguint el que disposa el Reglament General de Protecci\u00f3 de Dades.<\/p>\n<p>Aix\u00ed, aquesta pol\u00edtica de privacitat t\u00e9 com a finalitat satisfer l&#8217;obligaci\u00f3 de Llavor SCP de facilitar informaci\u00f3 als Usuaris sobre les seves dades personals, aix\u00ed com informar-los dels seus drets i obligacions en relaci\u00f3 amb el tractament d&#8217;aquestes dades.<\/p>\n<ol>\n<li aria-level=\"1\"><b>Responsable del tractament<\/b><\/li>\n<\/ol>\n<ul>\n<li aria-level=\"1\"><b>Titular:<\/b> Llavor SCP<\/li>\n<li aria-level=\"1\"><b>Domicili social:<\/b> Calle Taulat n\u00famero 95, local, 08005 Barcelona<\/li>\n<li aria-level=\"1\"><b>C.I.F.<\/b>: J66522152<\/li>\n<li aria-level=\"1\"><b>Tel\u00e8fon:<\/b> +34 933 00 37 90<\/li>\n<li aria-level=\"1\"><b>Correu electr\u00f2nic:<\/b> aguaribaybcn@gmail.com<\/li>\n<\/ul>\n<ol>\n<li aria-level=\"1\"><b>Finalitats del tractament de dades personals<\/b><\/li>\n<\/ol>\n<p>Llavor SCP tractar\u00e0 les dades dels Usuaris i de les persones que es posin en contacte amb el restaurant Aguaribay amb les seg\u00fcents finalitats concretes:<\/p>\n<ul>\n<li aria-level=\"1\">Utilitzar el Lloc Web i gestionar la contractaci\u00f3 de serveis que es realitza a trav\u00e9s del Lloc Web;<\/li>\n<li aria-level=\"1\">Gestionar les reserves de clients i usuaris;<\/li>\n<li aria-level=\"1\">Enviar comunicacions electr\u00f2niques per correu electr\u00f2nic o per SMS als Usuaris sobre esdeveniments, not\u00edcies i novetats del restaurant Aguaribay, pertanyent a Llavor SCP;<\/li>\n<li aria-level=\"1\">Enviar informaci\u00f3 comercial i\/o promocional relacionada amb els serveis que ofereix Llavor SCP i de valor afegit per als Usuaris, llevat que s&#8217;indiqui el contrari o l&#8217;Usuari s&#8217;oposi o revoqui el seu consentiment;<\/li>\n<li aria-level=\"1\">Analitzar com millorar els serveis que presta als Usuaris, aix\u00ed com desenvolupar i millorar les caracter\u00edstiques del servei que ofereix;<\/li>\n<li aria-level=\"1\">Utilitzar la informaci\u00f3 amb finalitats estad\u00edstiques per analitzar el comportament i tend\u00e8ncies dels Usuaris, per entendre com els Usuaris utilitzen el Lloc Web, gestionar i millorar els serveis oferts, inclosa la possibilitat d&#8217;afegir nous serveis;<\/li>\n<li aria-level=\"1\">Complir amb les obligacions legalment establertes, aix\u00ed com verificar el compliment de les obligacions contractuals, inclosa la prevenci\u00f3 del frau.<\/li>\n<\/ul>\n<ol>\n<li aria-level=\"1\"><b>Categories de dades tractades<\/b><\/li>\n<\/ol>\n<p>D&#8217;acord amb les finalitats esmentades, Llavor SCP tracta les seg\u00fcents categories de dades:<\/p>\n<ul>\n<li aria-level=\"1\">Dades identificatives: nom, cognoms, adre\u00e7a de correu electr\u00f2nic, adre\u00e7a postal, codi postal, n\u00famero de tel\u00e8fon;<\/li>\n<li aria-level=\"1\">contingut del missatge;<\/li>\n<li aria-level=\"1\">Dades de tr\u00e0nsit i ubicaci\u00f3;<\/li>\n<li aria-level=\"1\">metadades de comunicacions electr\u00f2niques;<\/li>\n<li aria-level=\"1\">Dades financeres o banc\u00e0ries.<\/li>\n<\/ul>\n<p>L&#8217;Usuari garanteix que les dades facilitades s\u00f3n veraces, exactes, completes i actualitzades, sent responsable de qualsevol dany o perjudici, directe o indirecte, que es pogu\u00e9s ocasionar com a conseq\u00fc\u00e8ncia de l&#8217;incompliment d&#8217;aquesta obligaci\u00f3. En el cas que l&#8217;Usuari faciliti dades de tercers, manifesta que disposa del seu consentiment i es compromet a cedir la informaci\u00f3 continguda en aquesta cl\u00e0usula, eximint Llavor SCP de qualsevol responsabilitat al respecte. No obstant aix\u00f2, Llavor SCP podr\u00e0 realitzar comprovacions per comprovar aquest fet, adoptant les mesures de dilig\u00e8ncia deguda corresponents, d&#8217;acord amb la normativa de protecci\u00f3 de dades.<\/p>\n<ol>\n<li aria-level=\"1\"><b>Bases legals del tractament<\/b><\/li>\n<\/ol>\n<p>El tractament de les dades dels Usuaris es realitza d&#8217;acord amb les seg\u00fcents bases legals:<\/p>\n<ul>\n<li aria-level=\"1\">Complir amb les obligacions precontractuals i executar la relaci\u00f3 contractual;<\/li>\n<li aria-level=\"1\">Complir amb l&#8217;inter\u00e8s leg\u00edtim de Llavor SCP;<\/li>\n<li aria-level=\"1\">Complir amb les obligacions legals;<\/li>\n<li aria-level=\"1\">Consentiment expl\u00edcit per a la comunicaci\u00f3 de dades de l&#8217;Usuari a tercers amb la finalitat de realitzar comunicacions comercials;<\/li>\n<li aria-level=\"1\">Consentiment expl\u00edcit per atendre la sol\u00b7licitud de servei de l&#8217;Usuari.<\/li>\n<\/ul>\n<ol>\n<li aria-level=\"1\"><b>Destinataris de dades<\/b><\/li>\n<\/ol>\n<p>Les dades podran ser comunicades a tots els empleats de Llavor SCP, als seus socis comercials, t\u00e8cnics, prove\u00efdors o tercers independents, aix\u00ed com a organitzacions, autoritats i \u00f2rgans judicials quan Llavor SCP estigui obligada legalment o quan aquesta comunicaci\u00f3 de dades sigui obligat\u00f2ria. necessaris per complir amb les obligacions legalment establertes, les condicions generals o altres acords, aix\u00ed com per protegir els drets o b\u00e9ns de Llavor SCP o de l&#8217;Usuari.<\/p>\n<ol>\n<li aria-level=\"1\"><b>Data retention periodPer\u00edode de conservaci\u00f3 de dades<\/b><\/li>\n<\/ol>\n<p>Llavor SCP conserva les dades nom\u00e9s durant el temps necessari per dur a terme les finalitats per a les quals van ser recollides, sempre que els Usuaris no revoquin els consentiments atorgats. Posteriorment, si escau, mantindr\u00e0 la informaci\u00f3 bloquejada durant els terminis legalment establerts.<\/p>\n<p>Llavor SCP conserva les dades personals durant l&#8217;execuci\u00f3 i manteniment de la relaci\u00f3 comercial establerta despr\u00e9s de la sol\u00b7licitud de serveis per part de l&#8217;Usuari.<\/p>\n<p>Transcorreguts els terminis establerts en aquesta pol\u00edtica, les dades seran eliminades.<\/p>\n<ol>\n<li aria-level=\"1\"><b>Drets dels Usuaris respecte a les seves dades personals<\/b><\/li>\n<\/ol>\n<p>Els usuaris del Lloc Web tenen dret d&#8217;acc\u00e9s, rectificaci\u00f3, supressi\u00f3, dret a limitar el tractament, dret a la portabilitat de les dades i dret a oposar-se al tractament de les seves dades. Podeu exercir aquests drets enviant una carta a la seg\u00fcent adre\u00e7a de correu electr\u00f2nic: aguaribaybcn@gmail.com o a la seg\u00fcent adre\u00e7a postal:<\/p>\n<p>LLAVOR SCP<\/p>\n<p>Calle Taulat n\u00famero 95, local, 08005 Barcelona<\/p>\n<ol>\n<li aria-level=\"1\"><b>Dret dels Usuaris a presentar una reclamaci\u00f3 davant l&#8217;AEPD<\/b><\/li>\n<\/ol>\n<p>S&#8217;informa als usuaris del seu dret a presentar una reclamaci\u00f3 davant una autoritat de control, concretament, a Espanya, davant l&#8217;Ag\u00e8ncia Espanyola de Protecci\u00f3 de Dades (en endavant, l'&#8221;AEPD&#8221;), quan l&#8217;Usuari consideri que Llavor SCP ha vulnerat els drets que li s\u00f3n reconeguts. per la normativa aplicable en mat\u00e8ria de protecci\u00f3 de dades.<\/p>\n<ol>\n<li aria-level=\"1\"><b>Gestors de tractament<\/b><\/li>\n<\/ol>\n<p>Llavor SCP informa als Usuaris que pot implicar qualsevol responsable de la seva elecci\u00f3 en el tractament de les seves dades personals.<\/p>\n<p>En aquest cas, Llavor SCP vetllar\u00e0 perqu\u00e8 el responsable del tractament compleix les seves obligacions d&#8217;acord amb el RGPD. Llavor SCP es compromet a signar un acord per escrit amb tots els seus responsables de tractament i imposa als responsables les mateixes obligacions de protecci\u00f3 de dades que se li imposen.<\/p>\n<ol>\n<li aria-level=\"1\"><b>Transfer\u00e8ncies internacionals de dades personals<\/b><\/li>\n<\/ol>\n<p>Llavor SCP no t\u00e9 cap intenci\u00f3 de transferir les dades personals dels Usuaris fora de les fronteres de la Uni\u00f3 Europea.<\/p>\n<ol>\n<li aria-level=\"1\"><b>Incompliment de dades personals<\/b><\/li>\n<\/ol>\n<p>En cas d&#8217;incompliment de la seguretat de les dades personals dels Usuaris, Llavor SCP es compromet a comunicar-ho a l&#8217;Ag\u00e8ncia Espanyola de Protecci\u00f3 de Dades en les condicions imposades pel RGPD.<\/p>\n<ol>\n<li aria-level=\"1\"><b>Modificacions<\/b><\/li>\n<\/ol>\n<p>Aquesta pol\u00edtica de privacitat pot ser modificada o modificada en qualsevol moment, especialment en cas de novetats legals o jurisprudencials, decisions i recomanacions de l&#8217;AEPD o canvis d&#8217;\u00fas.<\/p>\n<p>Qualsevol nova versi\u00f3 d&#8217;aquesta pol\u00edtica es donar\u00e0 a con\u00e8ixer als Usuaris a trav\u00e9s de qualsevol mitj\u00e0 de comunicaci\u00f3 escollit per Llavor SCP, incl\u00f2s electr\u00f2nicament.<\/p>\n<ol>\n<li aria-level=\"1\"><b>Informaci\u00f3 adicional<\/b><\/li>\n<\/ol>\n<p>Per a qualsevol informaci\u00f3 addicional, podeu contactar amb Llavor SCP a la seg\u00fcent adre\u00e7a de correu electr\u00f2nic: aguaribaybcn@gmail.com.<\/p>\n<p>&nbsp;<\/p>\n\n","protected":false},"excerpt":{"rendered":"<p>Pol\u00edtica de privadesa Pre\u00e0mbul Reglament (UE) n\u00fam. 2016\/679 del Parlament Europeu i del Consell, de 27 d&#8217;abril de 2016, relatiu a la protecci\u00f3 de les persones f\u00edsiques pel que fa al tractament de dades personals i a la lliure circulaci\u00f3 d&#8217;aquestes dades (d&#8217;ara endavant, el &#8221; RGPD&#8221;) estableix el marc legal aplicable al tractament de [&hellip;]<\/p>\n","protected":false},"author":1,"featured_media":0,"parent":0,"menu_order":0,"comment_status":"closed","ping_status":"closed","template":"","meta":{"_seopress_robots_primary_cat":"","_seopress_titles_title":"","_seopress_titles_desc":"","_seopress_robots_index":"","site-sidebar-layout":"default","site-content-layout":"","ast-site-content-layout":"default","site-content-style":"default","site-sidebar-style":"default","ast-global-header-display":"","ast-banner-title-visibility":"","ast-main-header-display":"","ast-hfb-above-header-display":"","ast-hfb-below-header-display":"","ast-hfb-mobile-header-display":"","site-post-title":"","ast-breadcrumbs-content":"","ast-featured-img":"","footer-sml-layout":"","ast-disable-related-posts":"","theme-transparent-header-meta":"","adv-header-id-meta":"","stick-header-meta":"","header-above-stick-meta":"","header-main-stick-meta":"","header-below-stick-meta":"","astra-migrate-meta-layouts":"default","ast-page-background-enabled":"default","ast-page-background-meta":{"desktop":{"background-color":"var(--ast-global-color-4)","background-image":"","background-repeat":"repeat","background-position":"center center","background-size":"auto","background-attachment":"scroll","background-type":"","background-media":"","overlay-type":"","overlay-color":"","overlay-opacity":"","overlay-gradient":""},"tablet":{"background-color":"","background-image":"","background-repeat":"repeat","background-position":"center center","background-size":"auto","background-attachment":"scroll","background-type":"","background-media":"","overlay-type":"","overlay-color":"","overlay-opacity":"","overlay-gradient":""},"mobile":{"background-color":"","background-image":"","background-repeat":"repeat","background-position":"center center","background-size":"auto","background-attachment":"scroll","background-type":"","background-media":"","overlay-type":"","overlay-color":"","overlay-opacity":"","overlay-gradient":""}},"ast-content-background-meta":{"desktop":{"background-color":"var(--ast-global-color-5)","background-image":"","background-repeat":"repeat","background-position":"center center","background-size":"auto","background-attachment":"scroll","background-type":"","background-media":"","overlay-type":"","overlay-color":"","overlay-opacity":"","overlay-gradient":""},"tablet":{"background-color":"var(--ast-global-color-5)","background-image":"","background-repeat":"repeat","background-position":"center center","background-size":"auto","background-attachment":"scroll","background-type":"","background-media":"","overlay-type":"","overlay-color":"","overlay-opacity":"","overlay-gradient":""},"mobile":{"background-color":"var(--ast-global-color-5)","background-image":"","background-repeat":"repeat","background-position":"center center","background-size":"auto","background-attachment":"scroll","background-type":"","background-media":"","overlay-type":"","overlay-color":"","overlay-opacity":"","overlay-gradient":""}},"footnotes":""},"class_list":["post-180","page","type-page","status-publish","hentry"],"_links":{"self":[{"href":"https:\/\/aguaribay-bcn.com\/ca\/wp-json\/wp\/v2\/pages\/180","targetHints":{"allow":["GET"]}}],"collection":[{"href":"https:\/\/aguaribay-bcn.com\/ca\/wp-json\/wp\/v2\/pages"}],"about":[{"href":"https:\/\/aguaribay-bcn.com\/ca\/wp-json\/wp\/v2\/types\/page"}],"author":[{"embeddable":true,"href":"https:\/\/aguaribay-bcn.com\/ca\/wp-json\/wp\/v2\/users\/1"}],"replies":[{"embeddable":true,"href":"https:\/\/aguaribay-bcn.com\/ca\/wp-json\/wp\/v2\/comments?post=180"}],"version-history":[{"count":2,"href":"https:\/\/aguaribay-bcn.com\/ca\/wp-json\/wp\/v2\/pages\/180\/revisions"}],"predecessor-version":[{"id":185,"href":"https:\/\/aguaribay-bcn.com\/ca\/wp-json\/wp\/v2\/pages\/180\/revisions\/185"}],"wp:attachment":[{"href":"https:\/\/aguaribay-bcn.com\/ca\/wp-json\/wp\/v2\/media?parent=180"}],"curies":[{"name":"wp","href":"https:\/\/api.w.org\/{rel}","templated":true}]}}